{"id":43,"date":"2023-10-09T08:21:37","date_gmt":"2023-10-09T08:21:37","guid":{"rendered":"http:\/\/www.tikatsayim.com\/?page_id=43"},"modified":"2023-10-10T12:56:09","modified_gmt":"2023-10-10T12:56:09","slug":"hizmetlerimiz","status":"publish","type":"page","link":"https:\/\/www.tikatsayim.com\/?page_id=43","title":{"rendered":"Hizmetlerimiz"},"content":{"rendered":"\n<blockquote class=\"wp-block-quote\">\n<p class=\"has-medium-font-size\">-STOK SAYIM<\/p>\n\n\n\n<p class=\"has-medium-font-size\">-DEM\u0130RBA\u015e SAYIM<\/p>\n\n\n\n<p class=\"has-medium-font-size\">-BARKODLAMA<\/p>\n\n\n\n<p class=\"has-medium-font-size\">-HYBR\u0130D SAYIM<\/p>\n<cite>-STOK SAYIM<br>Perakende ma\u011fazalar\u0131m\u0131z<br>(Tekstil, Z\u00fcccaciye, G\u0131da, Ayakkab\u0131, \u0130\u00e7 Giyim, Ev Tekstili, Bujiteri, K\u0131rtasiye, Kitap, Kozmetik, Oyuncak, )<br>Lojistik Depolar, \u0130n\u015faat Malzemeleri, Otomotiv yedek par\u00e7a v.b.<br><br>-DEM\u0130RBA\u015e SAYIM<br>Firmalar\u0131m\u0131z\u0131n demirba\u015f malzemelerinin say\u0131m\u0131 ve\/veya barkodlanmas\u0131;<br>barkodlama faaliyetinin de tamamen m\u00fc\u015fterinin beklentisi do\u011frultusunda kendisine uygun<br>sistemli ve raporlu olarak kay\u0131t alt\u0131na al\u0131n\u0131p, istenilen raporlarda sonu\u00e7lar\u0131 haz\u0131rlan\u0131p teslim edilir.<\/cite><\/blockquote>\n\n\n\n<p><em>-HYBR\u0130D SAYIM<\/em><\/p>\n\n\n\n<p><em>Say\u0131m\u0131n ma\u011faza personeli taraf\u0131ndan ger\u00e7ekle\u015ftirilip, ekipman-yaz\u0131l\u0131m ve say\u0131m y\u00f6neticisinin say\u0131m firmas\u0131 taraf\u0131ndan sa\u011flanarak yap\u0131lan avantajl\u0131 say\u0131m y\u00f6ntemidir.<\/em><\/p>\n","protected":false},"excerpt":{"rendered":"<p>-STOK SAYIM -DEM\u0130RBA\u015e SAYIM -BARKODLAMA -HYBR\u0130D SAYIM -STOK SAYIMPerakende ma\u011fazalar\u0131m\u0131z(Tekstil, Z\u00fcccaciye, G\u0131da, Ayakkab\u0131, \u0130\u00e7 Giyim, Ev Tekstili, Bujiteri, K\u0131rtasiye, Kitap, Kozmetik, Oyuncak, )Lojistik Depolar, \u0130n\u015faat Malzemeleri, Otomotiv yedek par\u00e7a v.b. -DEM\u0130RBA\u015e SAYIMFirmalar\u0131m\u0131z\u0131n demirba\u015f malzemelerinin say\u0131m\u0131 ve\/veya barkodlanmas\u0131;barkodlama faaliyetinin de tamamen m\u00fc\u015fterinin beklentisi do\u011frultusunda kendisine uygunsistemli ve raporlu olarak kay\u0131t alt\u0131na al\u0131n\u0131p, istenilen raporlarda sonu\u00e7lar\u0131 haz\u0131rlan\u0131p [&hellip;]<\/p>\n","protected":false},"author":1,"featured_media":0,"parent":0,"menu_order":0,"comment_status":"closed","ping_status":"closed","template":"","meta":{"footnotes":""},"_links":{"self":[{"href":"https:\/\/www.tikatsayim.com\/index.php?rest_route=\/wp\/v2\/pages\/43"}],"collection":[{"href":"https:\/\/www.tikatsayim.com\/index.php?rest_route=\/wp\/v2\/pages"}],"about":[{"href":"https:\/\/www.tikatsayim.com\/index.php?rest_route=\/wp\/v2\/types\/page"}],"author":[{"embeddable":true,"href":"https:\/\/www.tikatsayim.com\/index.php?rest_route=\/wp\/v2\/users\/1"}],"replies":[{"embeddable":true,"href":"https:\/\/www.tikatsayim.com\/index.php?rest_route=%2Fwp%2Fv2%2Fcomments&post=43"}],"version-history":[{"count":10,"href":"https:\/\/www.tikatsayim.com\/index.php?rest_route=\/wp\/v2\/pages\/43\/revisions"}],"predecessor-version":[{"id":101,"href":"https:\/\/www.tikatsayim.com\/index.php?rest_route=\/wp\/v2\/pages\/43\/revisions\/101"}],"wp:attachment":[{"href":"https:\/\/www.tikatsayim.com\/index.php?rest_route=%2Fwp%2Fv2%2Fmedia&parent=43"}],"curies":[{"name":"wp","href":"https:\/\/api.w.org\/{rel}","templated":true}]}}