{"id":85,"date":"2023-10-09T19:17:07","date_gmt":"2023-10-09T19:17:07","guid":{"rendered":"http:\/\/www.tikatsayim.com\/?page_id=85"},"modified":"2023-10-10T13:38:47","modified_gmt":"2023-10-10T13:38:47","slug":"referanslar","status":"publish","type":"page","link":"https:\/\/www.tikatsayim.com\/?page_id=85","title":{"rendered":"Referanslar"},"content":{"rendered":"\n<div class=\"wp-block-columns is-layout-flex wp-container-4 wp-block-columns-is-layout-flex\">\n<div class=\"wp-block-column is-layout-flow wp-block-column-is-layout-flow\">\n<!-- Kayan Resim  -->\n<marquee behavior=\"alternate\" direction=\"right\" onmouseover=\"stop()\" onmouseout=\"start()\">\n<img decoding=\"async\" loading=\"lazy\" src=\"http:\/\/www.tikatsayim.com\/wp-content\/uploads\/2023\/10\/logopng.png\" width=\"100\" height=\"100\" alt=\"S\u00dcWEN G\u0130Y\u0130M\">\n  <p>S\u00dcWEN G\u0130Y\u0130M<\/p>\n<\/marquee>\n<\/div>\n\n\n\n<div class=\"wp-block-column is-layout-flow wp-block-column-is-layout-flow\">\n<!-- Kayan Resim  -->\n<marquee behavior=\"alternate\" direction=\"right\" onmouseover=\"stop()\" onmouseout=\"start()\">\n<img decoding=\"async\" loading=\"lazy\" src=\"http:\/\/www.tikatsayim.com\/wp-content\/uploads\/2023\/10\/logopng.png\" width=\"100\" height=\"100\" alt=\"TEZCAN HOME\">\n  <p>TEZCAN HOME<\/p>\n<\/marquee>\n<\/div>\n\n\n\n<div class=\"wp-block-column is-layout-flow wp-block-column-is-layout-flow\">\n<!-- Kayan Resim  -->\n<marquee behavior=\"alternate\" direction=\"right\" onmouseover=\"stop()\" onmouseout=\"start()\">\n<img decoding=\"async\" loading=\"lazy\" src=\"http:\/\/www.tikatsayim.com\/wp-content\/uploads\/2023\/10\/logopng.png\" width=\"100\" height=\"100\" alt=\"KRALON\">\n  <p>KRALON<\/p>\n<\/marquee>\n<\/div>\n<\/div>\n","protected":false},"excerpt":{"rendered":"<p>S\u00dcWEN G\u0130Y\u0130M TEZCAN HOME KRALON<\/p>\n","protected":false},"author":1,"featured_media":0,"parent":0,"menu_order":0,"comment_status":"closed","ping_status":"closed","template":"","meta":{"footnotes":""},"_links":{"self":[{"href":"https:\/\/www.tikatsayim.com\/index.php?rest_route=\/wp\/v2\/pages\/85"}],"collection":[{"href":"https:\/\/www.tikatsayim.com\/index.php?rest_route=\/wp\/v2\/pages"}],"about":[{"href":"https:\/\/www.tikatsayim.com\/index.php?rest_route=\/wp\/v2\/types\/page"}],"author":[{"embeddable":true,"href":"https:\/\/www.tikatsayim.com\/index.php?rest_route=\/wp\/v2\/users\/1"}],"replies":[{"embeddable":true,"href":"https:\/\/www.tikatsayim.com\/index.php?rest_route=%2Fwp%2Fv2%2Fcomments&post=85"}],"version-history":[{"count":11,"href":"https:\/\/www.tikatsayim.com\/index.php?rest_route=\/wp\/v2\/pages\/85\/revisions"}],"predecessor-version":[{"id":118,"href":"https:\/\/www.tikatsayim.com\/index.php?rest_route=\/wp\/v2\/pages\/85\/revisions\/118"}],"wp:attachment":[{"href":"https:\/\/www.tikatsayim.com\/index.php?rest_route=%2Fwp%2Fv2%2Fmedia&parent=85"}],"curies":[{"name":"wp","href":"https:\/\/api.w.org\/{rel}","templated":true}]}}